{"id":497,"date":"2020-07-02T20:49:37","date_gmt":"2020-07-02T20:49:37","guid":{"rendered":"https:\/\/samuelthulin.com\/about-2\/"},"modified":"2021-02-04T20:08:23","modified_gmt":"2021-02-04T20:08:23","slug":"about","status":"publish","type":"page","link":"https:\/\/samuelthulin.com\/fr\/about\/","title":{"rendered":"\u00e0 propos"},"content":{"rendered":"\n<style type=\"text\/css\" data-created_by=\"avia_inline_auto\" id=\"style-css-av-plgeq-d1202ce51014a3edda31c3a699afe1da\">\n.flex_column.av-plgeq-d1202ce51014a3edda31c3a699afe1da{\nborder-radius:0px 0px 0px 0px;\npadding:0px 0px 0px 0px;\n}\n<\/style>\n<div  class='flex_column av-plgeq-d1202ce51014a3edda31c3a699afe1da av_one_full  avia-builder-el-0  el_before_av_one_fifth  avia-builder-el-first  first flex_column_div av-zero-column-padding  '     ><style type=\"text\/css\" data-created_by=\"avia_inline_auto\" id=\"style-css-av-kc24a3xo-85bd84cb8e033c7d7d0e0b15c88f1b3c\">\n.avia-image-container.av-kc24a3xo-85bd84cb8e033c7d7d0e0b15c88f1b3c img.avia_image{\nbox-shadow:none;\n}\n.avia-image-container.av-kc24a3xo-85bd84cb8e033c7d7d0e0b15c88f1b3c .av-image-caption-overlay-center{\ncolor:#ffffff;\n}\n<\/style>\n<div  class='avia-image-container av-kc24a3xo-85bd84cb8e033c7d7d0e0b15c88f1b3c av-styling- avia-align-center  avia-builder-el-1  avia-builder-el-no-sibling '   itemprop=\"image\" itemscope=\"itemscope\" itemtype=\"https:\/\/schema.org\/ImageObject\" ><div class=\"avia-image-container-inner\"><div class=\"avia-image-overlay-wrap\"><img decoding=\"async\" fetchpriority=\"high\" class='wp-image-447 avia-img-lazy-loading-not-447 avia_image ' src=\"https:\/\/samuelthulin.com\/wp-content\/uploads\/2020\/06\/Sam-845x684.jpg\" alt='' title='Sam'  height=\"684\" width=\"845\"  itemprop=\"thumbnailUrl\" srcset=\"https:\/\/samuelthulin.com\/wp-content\/uploads\/2020\/06\/Sam-845x684.jpg 845w, https:\/\/samuelthulin.com\/wp-content\/uploads\/2020\/06\/Sam-495x400.jpg 495w\" sizes=\"(max-width: 845px) 100vw, 845px\" \/><\/div><\/div><\/div><\/div>\n\n<style type=\"text\/css\" data-created_by=\"avia_inline_auto\" id=\"style-css-av-1uuz6-ac0250b8ce2c390025b16b3ed6e968b0\">\n.flex_column.av-1uuz6-ac0250b8ce2c390025b16b3ed6e968b0{\nborder-radius:0px 0px 0px 0px;\npadding:0px 0px 0px 0px;\n}\n<\/style>\n<div  class='flex_column av-1uuz6-ac0250b8ce2c390025b16b3ed6e968b0 av_one_fifth  avia-builder-el-2  el_after_av_one_full  el_before_av_three_fifth  first flex_column_div av-zero-column-padding  column-top-margin'     ><\/div>\n\n<style type=\"text\/css\" data-created_by=\"avia_inline_auto\" id=\"style-css-av-d02ne-9dc4b407e3c4a9e3e365f2eb94c41326\">\n.flex_column.av-d02ne-9dc4b407e3c4a9e3e365f2eb94c41326{\nborder-radius:0px 0px 0px 0px;\npadding:0px 0px 0px 0px;\n}\n<\/style>\n<div  class='flex_column av-d02ne-9dc4b407e3c4a9e3e365f2eb94c41326 av_three_fifth  avia-builder-el-3  el_after_av_one_fifth  el_before_av_one_fifth  flex_column_div av-zero-column-padding  column-top-margin'     ><section  class='av_textblock_section av-kc247e3x-eff6672348f808d54fd0e4c9a4e35266 '   itemscope=\"itemscope\" itemtype=\"https:\/\/schema.org\/CreativeWork\" ><div class='avia_textblock'  itemprop=\"text\" ><p>Je suis artiste, compositeur, concepteur sonore, \u00e9ducateur et chercheur bas\u00e9 \u00e0 Montr\u00e9al.<\/p>\n<p>Mes projets solos et collaboratifs incluent\u00a0des installations de son multicanal; des compositions faites de la sonification de donn\u00e9es; des paysages sonores et narratifs interactifs pour les applications mobiles; de la musique cr\u00e9\u00e9e avec des sons trouv\u00e9s (\u00ab\u00a0found sounds\u00a0\u00bb) et des enregistrements sur le terrain; des bandes sonores situ\u00e9es (\u00ab\u00a0place-based\u00a0soundtracks \u00bb) pour le transport en commun; des installations multisensorielles kinesth\u00e9siques et vibratoires; et des compositions de genres allant de chanteur-compositeur acoustique au post rock instrumental en passant par la musique ambiante et exp\u00e9rimentale et la musique de danse \u00e9lectronique.<\/p>\n<p>Mes \u0153uvres explorent les enjeux li\u00e9s au lieu et \u00e0 l\u2019espace, \u00e0 la technologie, et aux relations humaines avec le monde, en explorant les th\u00e8mes r\u00e9current de la stabilit\u00e9 et du changement, de la fragmentation et de l\u2019int\u00e9gralit\u00e9, de la sant\u00e9 et de la maladie, et de la co-\u00e9mergence des ph\u00e9nom\u00e8nes.<\/p>\n<p>N&rsquo;h\u00e9sitez pas\u00a0\u00e0 communiquer avec moi \u00e0 samuel_thulin[\u00e0]yahoo.ca<\/p>\n<p>Pour consulter les publications acad\u00e9miques : <a href=\"https:\/\/concordia.academia.edu\/SamuelThulin\">https:\/\/concordia.academia.edu\/SamuelThulin<\/a><\/p>\n<p>***<\/p>\n<p>Un grand merci \u00e0 <a href=\"https:\/\/mat3rial.com\/\">Antonia Hern\u00e1ndez<\/a> pour la conception du site web et \u00e0 Myriam Durocher pour l&rsquo;aide avec la traduction.<\/p>\n<\/div><\/section><\/div>\n<style type=\"text\/css\" data-created_by=\"avia_inline_auto\" id=\"style-css-av-6qtuq-64cba9925bf2eb49c8aac1e646a0cbe4\">\n.flex_column.av-6qtuq-64cba9925bf2eb49c8aac1e646a0cbe4{\nborder-radius:0px 0px 0px 0px;\npadding:0px 0px 0px 0px;\n}\n<\/style>\n<div  class='flex_column av-6qtuq-64cba9925bf2eb49c8aac1e646a0cbe4 av_one_fifth  avia-builder-el-5  el_after_av_three_fifth  avia-builder-el-last  flex_column_div av-zero-column-padding  column-top-margin'     ><\/div><\/p>\n","protected":false},"excerpt":{"rendered":"","protected":false},"author":2,"featured_media":0,"parent":0,"menu_order":0,"comment_status":"closed","ping_status":"closed","template":"","meta":{"footnotes":""},"class_list":["post-497","page","type-page","status-publish","hentry"],"_links":{"self":[{"href":"https:\/\/samuelthulin.com\/fr\/wp-json\/wp\/v2\/pages\/497","targetHints":{"allow":["GET"]}}],"collection":[{"href":"https:\/\/samuelthulin.com\/fr\/wp-json\/wp\/v2\/pages"}],"about":[{"href":"https:\/\/samuelthulin.com\/fr\/wp-json\/wp\/v2\/types\/page"}],"author":[{"embeddable":true,"href":"https:\/\/samuelthulin.com\/fr\/wp-json\/wp\/v2\/users\/2"}],"replies":[{"embeddable":true,"href":"https:\/\/samuelthulin.com\/fr\/wp-json\/wp\/v2\/comments?post=497"}],"version-history":[{"count":7,"href":"https:\/\/samuelthulin.com\/fr\/wp-json\/wp\/v2\/pages\/497\/revisions"}],"predecessor-version":[{"id":780,"href":"https:\/\/samuelthulin.com\/fr\/wp-json\/wp\/v2\/pages\/497\/revisions\/780"}],"wp:attachment":[{"href":"https:\/\/samuelthulin.com\/fr\/wp-json\/wp\/v2\/media?parent=497"}],"curies":[{"name":"wp","href":"https:\/\/api.w.org\/{rel}","templated":true}]}}